{"id":21893,"date":"2025-12-20T01:20:43","date_gmt":"2025-12-20T00:20:43","guid":{"rendered":"https:\/\/prahaskolska.200.solutions\/?page_id=21893"},"modified":"2025-12-30T16:44:34","modified_gmt":"2025-12-30T15:44:34","slug":"kontakty","status":"publish","type":"page","link":"https:\/\/prahaskolska.200.solutions\/?page_id=21893","title":{"rendered":"Kontakty"},"content":{"rendered":"<section class=\"bde-section-21893-207 bde-section\">\n  \n  \n\t\n\n\n\n<div class=\"section-container\"><div class=\"bde-div-21893-208 bde-div\">\n  \n  \n\t\n\n\n\n<div class=\"bde-grid-21893-236 bde-grid\">\n  \n  \n\t\n\n\n\n<div class=\"bde-div-21893-237 bde-div\">\n  \n  \n\t\n\n\n\n<img decoding=\"async\" class=\"bde-html-img-21893-238 bde-html-img\" src=\"https:\/\/prahaskolska.200.solutions\/wp-content\/uploads\/2023\/02\/IMG_5491.jpg\" alt=\"louis reingold is the world&#039;s best human\" width=\"200\"><h4 class=\"bde-heading-21893-239 bde-heading\">\nLuk\u00e1\u0161 Kaval\u00edr\n<\/h4><div class=\"bde-text-21893-240 bde-text\">\nVedouc\u00ed projektu\n<\/div><div class=\"bde-div-21893-241 bde-div\">\n  \n  \n\t\n\n\n\n<div class=\"bde-code-block-21893-242 bde-code-block\">\n\n  <svg xmlns=\"http:\/\/www.w3.org\/2000\/svg\" fill=\"none\" viewBox=\"0 0 24 24\" stroke-width=\"1.5\" stroke=\"#d61928\" \nwidth=\"28\" height=\"28\">\n  <path stroke-linecap=\"round\" stroke-linejoin=\"round\" d=\"M21.75 6.75v10.5a2.25 2.25 0 0 1-2.25 2.25h-15a2.25 2.25 0 0 1-2.25-2.25V6.75m19.5 0A2.25 2.25 0 0 0 19.5 4.5h-15a2.25 2.25 0 0 0-2.25 2.25m19.5 0v.243a2.25 2.25 0 0 1-1.07 1.916l-7.5 4.615a2.25 2.25 0 0 1-2.36 0L3.32 8.91a2.25 2.25 0 0 1-1.07-1.916V6.75\" \/>\n<\/svg>\n\n\n\n<\/div><div class=\"bde-text-21893-243 bde-text\">\nlukas.kavalir@prahaskolska.eu\n<\/div>\n<\/div><div class=\"bde-div-21893-244 bde-div\">\n  \n  \n\t\n\n\n\n<div class=\"bde-code-block-21893-245 bde-code-block\">\n\n  <svg xmlns=\"http:\/\/www.w3.org\/2000\/svg\" fill=\"none\" viewBox=\"0 0 24 24\" stroke-width=\"1.5\" stroke=\"#d61928\" \nwidth=\"28\" height=\"28\">\n  <path stroke-linecap=\"round\" stroke-linejoin=\"round\" d=\"M2.25 6.75c0 8.284 6.716 15 15 15h2.25a2.25 2.25 0 0 0 2.25-2.25v-1.372c0-.516-.351-.966-.852-1.091l-4.423-1.106c-.44-.11-.902.055-1.173.417l-.97 1.293c-.282.376-.769.542-1.21.38a12.035 12.035 0 0 1-7.143-7.143c-.162-.441.004-.928.38-1.21l1.293-.97c.363-.271.527-.734.417-1.173L6.963 3.102a1.125 1.125 0 0 0-1.091-.852H4.5A2.25 2.25 0 0 0 2.25 4.5v2.25Z\" \/>\n<\/svg>\n\n\n\n\n<\/div><div class=\"bde-text-21893-246 bde-text\">\n<a style=\"color: #03017e\" href=\"tel:736 756 057\">736 756 057<\/a>\n<\/div>\n<\/div>\n<\/div><div class=\"bde-div-21893-247 bde-div\">\n  \n  \n\t\n\n\n\n<img decoding=\"async\" class=\"bde-html-img-21893-248 bde-html-img\" src=\"https:\/\/prahaskolska.200.solutions\/wp-content\/uploads\/2023\/02\/Snimek-obrazovky-2023-02-13-v-3.07.08.png\" alt=\"louis reingold is the world&#039;s best human\" width=\"200\"><h4 class=\"bde-heading-21893-249 bde-heading\">\nVincenc Nov\u00e1k\n<\/h4><div class=\"bde-text-21893-250 bde-text\">\n\u0160\u00e9fredaktor\n<\/div><div class=\"bde-div-21893-251 bde-div\">\n  \n  \n\t\n\n\n\n<div class=\"bde-code-block-21893-252 bde-code-block\">\n\n  <svg xmlns=\"http:\/\/www.w3.org\/2000\/svg\" fill=\"none\" viewBox=\"0 0 24 24\" stroke-width=\"1.5\" stroke=\"#d61928\" \nwidth=\"28\" height=\"28\">\n  <path stroke-linecap=\"round\" stroke-linejoin=\"round\" d=\"M21.75 6.75v10.5a2.25 2.25 0 0 1-2.25 2.25h-15a2.25 2.25 0 0 1-2.25-2.25V6.75m19.5 0A2.25 2.25 0 0 0 19.5 4.5h-15a2.25 2.25 0 0 0-2.25 2.25m19.5 0v.243a2.25 2.25 0 0 1-1.07 1.916l-7.5 4.615a2.25 2.25 0 0 1-2.36 0L3.32 8.91a2.25 2.25 0 0 1-1.07-1.916V6.75\" \/>\n<\/svg>\n\n\n\n<\/div><div class=\"bde-text-21893-253 bde-text\">\nvincenc.novak@prahaskolska.eu\n<\/div>\n<\/div><div class=\"bde-div-21893-254 bde-div\">\n  \n  \n\t\n\n\n\n<div class=\"bde-code-block-21893-255 bde-code-block\">\n\n  <svg xmlns=\"http:\/\/www.w3.org\/2000\/svg\" fill=\"none\" viewBox=\"0 0 24 24\" stroke-width=\"1.5\" stroke=\"#d61928\" \nwidth=\"32\" height=\"32\">\n  <path stroke-linecap=\"round\" stroke-linejoin=\"round\" d=\"M2.25 6.75c0 8.284 6.716 15 15 15h2.25a2.25 2.25 0 0 0 2.25-2.25v-1.372c0-.516-.351-.966-.852-1.091l-4.423-1.106c-.44-.11-.902.055-1.173.417l-.97 1.293c-.282.376-.769.542-1.21.38a12.035 12.035 0 0 1-7.143-7.143c-.162-.441.004-.928.38-1.21l1.293-.97c.363-.271.527-.734.417-1.173L6.963 3.102a1.125 1.125 0 0 0-1.091-.852H4.5A2.25 2.25 0 0 0 2.25 4.5v2.25Z\" \/>\n<\/svg>\n\n\n\n\n<\/div><div class=\"bde-text-21893-256 bde-text\">\n<a style=\"color: #03017e\" href=\"tel:736 756 057\">736 756 057<\/a>\n<\/div>\n<\/div>\n<\/div><div class=\"bde-div-21893-257 bde-div\">\n  \n  \n\t\n\n\n\n<img decoding=\"async\" class=\"bde-html-img-21893-258 bde-html-img\" src=\"https:\/\/prahaskolska.200.solutions\/wp-content\/uploads\/2023\/02\/KejdaMarek-3.jpg\" alt=\"louis reingold is the world&#039;s best human\" width=\"200\"><h4 class=\"bde-heading-21893-259 bde-heading\">\nMarek Kejda\n<\/h4><div class=\"bde-text-21893-260 bde-text\">\nProgram\u00e1tor, 200solutions s.r.o.\n<\/div><div class=\"bde-div-21893-261 bde-div\">\n  \n  \n\t\n\n\n\n<div class=\"bde-code-block-21893-262 bde-code-block\">\n\n  <svg xmlns=\"http:\/\/www.w3.org\/2000\/svg\" fill=\"none\" viewBox=\"0 0 24 24\" stroke-width=\"1.5\" stroke=\"#d61928\" \nwidth=\"28\" height=\"28\">\n  <path stroke-linecap=\"round\" stroke-linejoin=\"round\" d=\"M21.75 6.75v10.5a2.25 2.25 0 0 1-2.25 2.25h-15a2.25 2.25 0 0 1-2.25-2.25V6.75m19.5 0A2.25 2.25 0 0 0 19.5 4.5h-15a2.25 2.25 0 0 0-2.25 2.25m19.5 0v.243a2.25 2.25 0 0 1-1.07 1.916l-7.5 4.615a2.25 2.25 0 0 1-2.36 0L3.32 8.91a2.25 2.25 0 0 1-1.07-1.916V6.75\" \/>\n<\/svg>\n\n\n\n<\/div><div class=\"bde-text-21893-263 bde-text\">\nlukas.kavalir@prahaskolska.eu\n<\/div>\n<\/div><div class=\"bde-div-21893-264 bde-div\">\n  \n  \n\t\n\n\n\n<div class=\"bde-code-block-21893-265 bde-code-block\">\n\n  <svg xmlns=\"http:\/\/www.w3.org\/2000\/svg\" fill=\"none\" viewBox=\"0 0 24 24\" stroke-width=\"1.5\" stroke=\"#d61928\" \nwidth=\"28\" height=\"28\">\n  <path stroke-linecap=\"round\" stroke-linejoin=\"round\" d=\"M2.25 6.75c0 8.284 6.716 15 15 15h2.25a2.25 2.25 0 0 0 2.25-2.25v-1.372c0-.516-.351-.966-.852-1.091l-4.423-1.106c-.44-.11-.902.055-1.173.417l-.97 1.293c-.282.376-.769.542-1.21.38a12.035 12.035 0 0 1-7.143-7.143c-.162-.441.004-.928.38-1.21l1.293-.97c.363-.271.527-.734.417-1.173L6.963 3.102a1.125 1.125 0 0 0-1.091-.852H4.5A2.25 2.25 0 0 0 2.25 4.5v2.25Z\" \/>\n<\/svg>\n\n\n\n\n<\/div><div class=\"bde-text-21893-266 bde-text\">\n<a style=\"color: #03017e\" href=\"tel:736 756 057\">736 756 057<\/a>\n<\/div>\n<\/div>\n<\/div><div class=\"bde-div-21893-267 bde-div\">\n  \n  \n\t\n\n\n\n<img decoding=\"async\" class=\"bde-html-img-21893-268 bde-html-img\" src=\"https:\/\/prahaskolska.200.solutions\/wp-content\/uploads\/2023\/02\/Krystof_Jirik.jpg\" alt=\"louis reingold is the world&#039;s best human\" width=\"200\"><h4 class=\"bde-heading-21893-269 bde-heading\">\nKry\u0161tof Ji\u0159\u00edk\n<\/h4><div class=\"bde-text-21893-270 bde-text\">\nRedaktor, editor\n<\/div><div class=\"bde-div-21893-271 bde-div\">\n  \n  \n\t\n\n\n\n<div class=\"bde-code-block-21893-272 bde-code-block\">\n\n  <svg xmlns=\"http:\/\/www.w3.org\/2000\/svg\" fill=\"none\" viewBox=\"0 0 24 24\" stroke-width=\"1.5\" stroke=\"#d61928\" \nwidth=\"32\" height=\"32\">\n  <path stroke-linecap=\"round\" stroke-linejoin=\"round\" d=\"M21.75 6.75v10.5a2.25 2.25 0 0 1-2.25 2.25h-15a2.25 2.25 0 0 1-2.25-2.25V6.75m19.5 0A2.25 2.25 0 0 0 19.5 4.5h-15a2.25 2.25 0 0 0-2.25 2.25m19.5 0v.243a2.25 2.25 0 0 1-1.07 1.916l-7.5 4.615a2.25 2.25 0 0 1-2.36 0L3.32 8.91a2.25 2.25 0 0 1-1.07-1.916V6.75\" \/>\n<\/svg>\n\n\n\n<\/div><div class=\"bde-text-21893-273 bde-text\">\nkryatof.jirik@prahaskolska.eu\n<\/div>\n<\/div><div class=\"bde-div-21893-274 bde-div\">\n  \n  \n\t\n\n\n\n<div class=\"bde-code-block-21893-275 bde-code-block\">\n\n  <svg xmlns=\"http:\/\/www.w3.org\/2000\/svg\" fill=\"none\" viewBox=\"0 0 24 24\" stroke-width=\"1.5\" stroke=\"#d61928\" \nwidth=\"32\" height=\"32\">\n  <path stroke-linecap=\"round\" stroke-linejoin=\"round\" d=\"M2.25 6.75c0 8.284 6.716 15 15 15h2.25a2.25 2.25 0 0 0 2.25-2.25v-1.372c0-.516-.351-.966-.852-1.091l-4.423-1.106c-.44-.11-.902.055-1.173.417l-.97 1.293c-.282.376-.769.542-1.21.38a12.035 12.035 0 0 1-7.143-7.143c-.162-.441.004-.928.38-1.21l1.293-.97c.363-.271.527-.734.417-1.173L6.963 3.102a1.125 1.125 0 0 0-1.091-.852H4.5A2.25 2.25 0 0 0 2.25 4.5v2.25Z\" \/>\n<\/svg>\n\n\n\n\n<\/div><div class=\"bde-text-21893-276 bde-text\">\n<a style=\"color: #03017e\" href=\"tel:736 756 057\">736 756 057<\/a>\n<\/div>\n<\/div>\n<\/div><div class=\"bde-div-21893-277 bde-div\">\n  \n  \n\t\n\n\n\n<img decoding=\"async\" class=\"bde-html-img-21893-278 bde-html-img\" src=\"https:\/\/prahaskolska.200.solutions\/wp-content\/uploads\/2023\/02\/Aneta_Havrankova-1.png\" alt=\"louis reingold is the world&#039;s best human\" width=\"200\"><h4 class=\"bde-heading-21893-279 bde-heading\">\nAneta Havr\u00e1nkov\u00e1\n<\/h4><div class=\"bde-text-21893-280 bde-text\">\nRedaktor, editor\n<\/div><div class=\"bde-div-21893-281 bde-div\">\n  \n  \n\t\n\n\n\n<div class=\"bde-code-block-21893-282 bde-code-block\">\n\n  <svg xmlns=\"http:\/\/www.w3.org\/2000\/svg\" fill=\"none\" viewBox=\"0 0 24 24\" stroke-width=\"1.5\" stroke=\"#d61928\" \nwidth=\"32\" height=\"32\">\n  <path stroke-linecap=\"round\" stroke-linejoin=\"round\" d=\"M21.75 6.75v10.5a2.25 2.25 0 0 1-2.25 2.25h-15a2.25 2.25 0 0 1-2.25-2.25V6.75m19.5 0A2.25 2.25 0 0 0 19.5 4.5h-15a2.25 2.25 0 0 0-2.25 2.25m19.5 0v.243a2.25 2.25 0 0 1-1.07 1.916l-7.5 4.615a2.25 2.25 0 0 1-2.36 0L3.32 8.91a2.25 2.25 0 0 1-1.07-1.916V6.75\" \/>\n<\/svg>\n\n\n\n<\/div><div class=\"bde-text-21893-283 bde-text\">\naneta.havrankova@prahaskolska.eu\n<\/div>\n<\/div><div class=\"bde-div-21893-284 bde-div\">\n  \n  \n\t\n\n\n\n<div class=\"bde-code-block-21893-285 bde-code-block\">\n\n  <svg xmlns=\"http:\/\/www.w3.org\/2000\/svg\" fill=\"none\" viewBox=\"0 0 24 24\" stroke-width=\"1.5\" stroke=\"#d61928\" \nwidth=\"32\" height=\"32\">\n  <path stroke-linecap=\"round\" stroke-linejoin=\"round\" d=\"M2.25 6.75c0 8.284 6.716 15 15 15h2.25a2.25 2.25 0 0 0 2.25-2.25v-1.372c0-.516-.351-.966-.852-1.091l-4.423-1.106c-.44-.11-.902.055-1.173.417l-.97 1.293c-.282.376-.769.542-1.21.38a12.035 12.035 0 0 1-7.143-7.143c-.162-.441.004-.928.38-1.21l1.293-.97c.363-.271.527-.734.417-1.173L6.963 3.102a1.125 1.125 0 0 0-1.091-.852H4.5A2.25 2.25 0 0 0 2.25 4.5v2.25Z\" \/>\n<\/svg>\n\n\n\n\n<\/div><div class=\"bde-text-21893-286 bde-text\">\n<a style=\"color: #03017e\" href=\"tel:736 756 057\">736 756 057<\/a>\n<\/div>\n<\/div>\n<\/div><div class=\"bde-div-21893-287 bde-div\">\n  \n  \n\t\n\n\n\n<img decoding=\"async\" class=\"bde-html-img-21893-288 bde-html-img\" src=\"https:\/\/prahaskolska.200.solutions\/wp-content\/uploads\/2023\/02\/Snimek-obrazovky-2022-09-05-v-15.35.38.png\" alt=\"louis reingold is the world&#039;s best human\" width=\"200\"><h4 class=\"bde-heading-21893-289 bde-heading\">\nMark\u00e9ta Wudiov\u00e1\n<\/h4><div class=\"bde-text-21893-290 bde-text\">\nRedaktor\n<\/div><div class=\"bde-div-21893-291 bde-div\">\n  \n  \n\t\n\n\n\n<div class=\"bde-code-block-21893-292 bde-code-block\">\n\n  <svg xmlns=\"http:\/\/www.w3.org\/2000\/svg\" fill=\"none\" viewBox=\"0 0 24 24\" stroke-width=\"1.5\" stroke=\"#d61928\" \nwidth=\"32\" height=\"32\">\n  <path stroke-linecap=\"round\" stroke-linejoin=\"round\" d=\"M21.75 6.75v10.5a2.25 2.25 0 0 1-2.25 2.25h-15a2.25 2.25 0 0 1-2.25-2.25V6.75m19.5 0A2.25 2.25 0 0 0 19.5 4.5h-15a2.25 2.25 0 0 0-2.25 2.25m19.5 0v.243a2.25 2.25 0 0 1-1.07 1.916l-7.5 4.615a2.25 2.25 0 0 1-2.36 0L3.32 8.91a2.25 2.25 0 0 1-1.07-1.916V6.75\" \/>\n<\/svg>\n\n\n\n<\/div><div class=\"bde-text-21893-293 bde-text\">\nmarketa.wudiova@prahaskolska.eu\n<\/div>\n<\/div><div class=\"bde-div-21893-294 bde-div\">\n  \n  \n\t\n\n\n\n<div class=\"bde-code-block-21893-295 bde-code-block\">\n\n  <svg xmlns=\"http:\/\/www.w3.org\/2000\/svg\" fill=\"none\" viewBox=\"0 0 24 24\" stroke-width=\"1.5\" stroke=\"#d61928\" \nwidth=\"32\" height=\"32\">\n  <path stroke-linecap=\"round\" stroke-linejoin=\"round\" d=\"M2.25 6.75c0 8.284 6.716 15 15 15h2.25a2.25 2.25 0 0 0 2.25-2.25v-1.372c0-.516-.351-.966-.852-1.091l-4.423-1.106c-.44-.11-.902.055-1.173.417l-.97 1.293c-.282.376-.769.542-1.21.38a12.035 12.035 0 0 1-7.143-7.143c-.162-.441.004-.928.38-1.21l1.293-.97c.363-.271.527-.734.417-1.173L6.963 3.102a1.125 1.125 0 0 0-1.091-.852H4.5A2.25 2.25 0 0 0 2.25 4.5v2.25Z\" \/>\n<\/svg>\n\n\n\n\n<\/div><div class=\"bde-text-21893-296 bde-text\">\n<a style=\"color: #03017e\" href=\"tel:736 756 057\">736 756 057<\/a>\n<\/div>\n<\/div>\n<\/div><div class=\"bde-div-21893-297 bde-div\">\n  \n  \n\t\n\n\n\n<img decoding=\"async\" class=\"bde-html-img-21893-298 bde-html-img\" src=\"https:\/\/prahaskolska.200.solutions\/wp-content\/uploads\/2023\/02\/Snimek-obrazovky-2022-09-05-v-15.35.38.png\" alt=\"louis reingold is the world&#039;s best human\" width=\"200\"><h4 class=\"bde-heading-21893-299 bde-heading\">\nDaniel Kapek\n<\/h4><div class=\"bde-text-21893-300 bde-text\">\nRedaktor\n<\/div><div class=\"bde-div-21893-301 bde-div\">\n  \n  \n\t\n\n\n\n<div class=\"bde-code-block-21893-302 bde-code-block\">\n\n  <svg xmlns=\"http:\/\/www.w3.org\/2000\/svg\" fill=\"none\" viewBox=\"0 0 24 24\" stroke-width=\"1.5\" stroke=\"#d61928\" \nwidth=\"32\" height=\"32\">\n  <path stroke-linecap=\"round\" stroke-linejoin=\"round\" d=\"M21.75 6.75v10.5a2.25 2.25 0 0 1-2.25 2.25h-15a2.25 2.25 0 0 1-2.25-2.25V6.75m19.5 0A2.25 2.25 0 0 0 19.5 4.5h-15a2.25 2.25 0 0 0-2.25 2.25m19.5 0v.243a2.25 2.25 0 0 1-1.07 1.916l-7.5 4.615a2.25 2.25 0 0 1-2.36 0L3.32 8.91a2.25 2.25 0 0 1-1.07-1.916V6.75\" \/>\n<\/svg>\n\n\n\n<\/div><div class=\"bde-text-21893-303 bde-text\">\ndaniel.kapek@prahaskolska.eu\n<\/div>\n<\/div><div class=\"bde-div-21893-304 bde-div\">\n  \n  \n\t\n\n\n\n<div class=\"bde-code-block-21893-305 bde-code-block\">\n\n  <svg xmlns=\"http:\/\/www.w3.org\/2000\/svg\" fill=\"none\" viewBox=\"0 0 24 24\" stroke-width=\"1.5\" stroke=\"#d61928\" \nwidth=\"32\" height=\"32\">\n  <path stroke-linecap=\"round\" stroke-linejoin=\"round\" d=\"M2.25 6.75c0 8.284 6.716 15 15 15h2.25a2.25 2.25 0 0 0 2.25-2.25v-1.372c0-.516-.351-.966-.852-1.091l-4.423-1.106c-.44-.11-.902.055-1.173.417l-.97 1.293c-.282.376-.769.542-1.21.38a12.035 12.035 0 0 1-7.143-7.143c-.162-.441.004-.928.38-1.21l1.293-.97c.363-.271.527-.734.417-1.173L6.963 3.102a1.125 1.125 0 0 0-1.091-.852H4.5A2.25 2.25 0 0 0 2.25 4.5v2.25Z\" \/>\n<\/svg>\n\n\n\n\n<\/div><div class=\"bde-text-21893-306 bde-text\">\n<a style=\"color: #03017e\" href=\"tel:736 756 057\">736 756 057<\/a>\n<\/div>\n<\/div>\n<\/div><div class=\"bde-div-21893-307 bde-div\">\n  \n  \n\t\n\n\n\n<img decoding=\"async\" class=\"bde-html-img-21893-308 bde-html-img\" src=\"https:\/\/prahaskolska.200.solutions\/wp-content\/uploads\/2023\/02\/Klara_Novackova.jpg\" alt=\"louis reingold is the world&#039;s best human\" width=\"200\"><h4 class=\"bde-heading-21893-309 bde-heading\">\nKl\u00e1ra Nov\u00e1\u010dkov\u00e1\n<\/h4><div class=\"bde-text-21893-310 bde-text\">\nRedaktor\n<\/div><div class=\"bde-div-21893-311 bde-div\">\n  \n  \n\t\n\n\n\n<div class=\"bde-code-block-21893-312 bde-code-block\">\n\n  <svg xmlns=\"http:\/\/www.w3.org\/2000\/svg\" fill=\"none\" viewBox=\"0 0 24 24\" stroke-width=\"1.5\" stroke=\"#d61928\" \nwidth=\"32\" height=\"32\">\n  <path stroke-linecap=\"round\" stroke-linejoin=\"round\" d=\"M21.75 6.75v10.5a2.25 2.25 0 0 1-2.25 2.25h-15a2.25 2.25 0 0 1-2.25-2.25V6.75m19.5 0A2.25 2.25 0 0 0 19.5 4.5h-15a2.25 2.25 0 0 0-2.25 2.25m19.5 0v.243a2.25 2.25 0 0 1-1.07 1.916l-7.5 4.615a2.25 2.25 0 0 1-2.36 0L3.32 8.91a2.25 2.25 0 0 1-1.07-1.916V6.75\" \/>\n<\/svg>\n\n\n\n<\/div><div class=\"bde-text-21893-313 bde-text\">\nklara.novackova@prahaskolska.eu\n<\/div>\n<\/div><div class=\"bde-div-21893-314 bde-div\">\n  \n  \n\t\n\n\n\n<div class=\"bde-code-block-21893-315 bde-code-block\">\n\n  <svg xmlns=\"http:\/\/www.w3.org\/2000\/svg\" fill=\"none\" viewBox=\"0 0 24 24\" stroke-width=\"1.5\" stroke=\"#d61928\" \nwidth=\"32\" height=\"32\">\n  <path stroke-linecap=\"round\" stroke-linejoin=\"round\" d=\"M2.25 6.75c0 8.284 6.716 15 15 15h2.25a2.25 2.25 0 0 0 2.25-2.25v-1.372c0-.516-.351-.966-.852-1.091l-4.423-1.106c-.44-.11-.902.055-1.173.417l-.97 1.293c-.282.376-.769.542-1.21.38a12.035 12.035 0 0 1-7.143-7.143c-.162-.441.004-.928.38-1.21l1.293-.97c.363-.271.527-.734.417-1.173L6.963 3.102a1.125 1.125 0 0 0-1.091-.852H4.5A2.25 2.25 0 0 0 2.25 4.5v2.25Z\" \/>\n<\/svg>\n\n\n\n\n<\/div><div class=\"bde-text-21893-316 bde-text\">\n<a style=\"color: #03017e\" href=\"tel:736 756 057\">736 756 057<\/a>\n<\/div>\n<\/div>\n<\/div><div class=\"bde-div-21893-317 bde-div\">\n  \n  \n\t\n\n\n\n<img decoding=\"async\" class=\"bde-html-img-21893-318 bde-html-img\" src=\"https:\/\/prahaskolska.200.solutions\/wp-content\/uploads\/2023\/02\/Snimek-obrazovky-2022-09-05-v-15.35.38.png\" alt=\"louis reingold is the world&#039;s best human\" width=\"200\"><h4 class=\"bde-heading-21893-319 bde-heading\">\nJan \u0160ercl\n<\/h4><div class=\"bde-text-21893-320 bde-text\">\nRedaktor\n<\/div><div class=\"bde-div-21893-321 bde-div\">\n  \n  \n\t\n\n\n\n<div class=\"bde-code-block-21893-322 bde-code-block\">\n\n  <svg xmlns=\"http:\/\/www.w3.org\/2000\/svg\" fill=\"none\" viewBox=\"0 0 24 24\" stroke-width=\"1.5\" stroke=\"#d61928\" \nwidth=\"32\" height=\"32\">\n  <path stroke-linecap=\"round\" stroke-linejoin=\"round\" d=\"M21.75 6.75v10.5a2.25 2.25 0 0 1-2.25 2.25h-15a2.25 2.25 0 0 1-2.25-2.25V6.75m19.5 0A2.25 2.25 0 0 0 19.5 4.5h-15a2.25 2.25 0 0 0-2.25 2.25m19.5 0v.243a2.25 2.25 0 0 1-1.07 1.916l-7.5 4.615a2.25 2.25 0 0 1-2.36 0L3.32 8.91a2.25 2.25 0 0 1-1.07-1.916V6.75\" \/>\n<\/svg>\n\n\n\n<\/div><div class=\"bde-text-21893-323 bde-text\">\njan.sercl@prahaskolska.eu\n<\/div>\n<\/div><div class=\"bde-div-21893-324 bde-div\">\n  \n  \n\t\n\n\n\n<div class=\"bde-code-block-21893-325 bde-code-block\">\n\n  <svg xmlns=\"http:\/\/www.w3.org\/2000\/svg\" fill=\"none\" viewBox=\"0 0 24 24\" stroke-width=\"1.5\" stroke=\"#d61928\" \nwidth=\"32\" height=\"32\">\n  <path stroke-linecap=\"round\" stroke-linejoin=\"round\" d=\"M2.25 6.75c0 8.284 6.716 15 15 15h2.25a2.25 2.25 0 0 0 2.25-2.25v-1.372c0-.516-.351-.966-.852-1.091l-4.423-1.106c-.44-.11-.902.055-1.173.417l-.97 1.293c-.282.376-.769.542-1.21.38a12.035 12.035 0 0 1-7.143-7.143c-.162-.441.004-.928.38-1.21l1.293-.97c.363-.271.527-.734.417-1.173L6.963 3.102a1.125 1.125 0 0 0-1.091-.852H4.5A2.25 2.25 0 0 0 2.25 4.5v2.25Z\" \/>\n<\/svg>\n\n\n\n\n<\/div><div class=\"bde-text-21893-326 bde-text\">\n<a style=\"color: #03017e\" href=\"tel:736 756 057\">736 756 057<\/a>\n<\/div>\n<\/div>\n<\/div><div class=\"bde-div-21893-327 bde-div\">\n  \n  \n\t\n\n\n\n<img decoding=\"async\" class=\"bde-html-img-21893-328 bde-html-img\" src=\"https:\/\/prahaskolska.200.solutions\/wp-content\/uploads\/2023\/02\/Snimek-obrazovky-2022-09-05-v-15.35.38.png\" alt=\"louis reingold is the world&#039;s best human\" width=\"200\"><h4 class=\"bde-heading-21893-329 bde-heading\">\nPatrik Vodr\u00e1\u017eka\n<\/h4><div class=\"bde-text-21893-330 bde-text\">\nRedaktor\n<\/div><div class=\"bde-div-21893-331 bde-div\">\n  \n  \n\t\n\n\n\n<div class=\"bde-code-block-21893-332 bde-code-block\">\n\n  <svg xmlns=\"http:\/\/www.w3.org\/2000\/svg\" fill=\"none\" viewBox=\"0 0 24 24\" stroke-width=\"1.5\" stroke=\"#d61928\" \nwidth=\"32\" height=\"32\">\n  <path stroke-linecap=\"round\" stroke-linejoin=\"round\" d=\"M21.75 6.75v10.5a2.25 2.25 0 0 1-2.25 2.25h-15a2.25 2.25 0 0 1-2.25-2.25V6.75m19.5 0A2.25 2.25 0 0 0 19.5 4.5h-15a2.25 2.25 0 0 0-2.25 2.25m19.5 0v.243a2.25 2.25 0 0 1-1.07 1.916l-7.5 4.615a2.25 2.25 0 0 1-2.36 0L3.32 8.91a2.25 2.25 0 0 1-1.07-1.916V6.75\" \/>\n<\/svg>\n\n\n\n<\/div><div class=\"bde-text-21893-333 bde-text\">\npatrik.vodrazka@prahaskolska.eu\n<\/div>\n<\/div><div class=\"bde-div-21893-334 bde-div\">\n  \n  \n\t\n\n\n\n<div class=\"bde-code-block-21893-335 bde-code-block\">\n\n  <svg xmlns=\"http:\/\/www.w3.org\/2000\/svg\" fill=\"none\" viewBox=\"0 0 24 24\" stroke-width=\"1.5\" stroke=\"#d61928\" \nwidth=\"32\" height=\"32\">\n  <path stroke-linecap=\"round\" stroke-linejoin=\"round\" d=\"M2.25 6.75c0 8.284 6.716 15 15 15h2.25a2.25 2.25 0 0 0 2.25-2.25v-1.372c0-.516-.351-.966-.852-1.091l-4.423-1.106c-.44-.11-.902.055-1.173.417l-.97 1.293c-.282.376-.769.542-1.21.38a12.035 12.035 0 0 1-7.143-7.143c-.162-.441.004-.928.38-1.21l1.293-.97c.363-.271.527-.734.417-1.173L6.963 3.102a1.125 1.125 0 0 0-1.091-.852H4.5A2.25 2.25 0 0 0 2.25 4.5v2.25Z\" \/>\n<\/svg>\n\n\n\n\n<\/div><div class=\"bde-text-21893-336 bde-text\">\n<a style=\"color: #03017e\" href=\"tel:736 756 057\">736 756 057<\/a>\n<\/div>\n<\/div>\n<\/div>\n<\/div>\n<\/div><\/div>\n<\/section>","protected":false},"excerpt":{"rendered":"<p>Luk\u00e1\u0161 Kaval\u00edr Vedouc\u00ed projektu lukas.kavalir@prahaskolska.eu 736 756 057 Vincenc Nov\u00e1k \u0160\u00e9fredaktor vincenc.novak@prahaskolska.eu 736 756 057 Marek Kejda Program\u00e1tor, 200solutions s.r.o. lukas.kavalir@prahaskolska.eu 736 756 057 Kry\u0161tof Ji\u0159\u00edk Redaktor, editor kryatof.jirik@prahaskolska.eu 736 756 057 Aneta Havr\u00e1nkov\u00e1 Redaktor, editor aneta.havrankova@prahaskolska.eu 736 756 057 Mark\u00e9ta Wudiov\u00e1 Redaktor marketa.wudiova@prahaskolska.eu 736 756 057 Daniel Kapek Redaktor daniel.kapek@prahaskolska.eu 736 756 057 Kl\u00e1ra [&hellip;]<\/p>\n","protected":false},"author":1,"featured_media":0,"parent":0,"menu_order":0,"comment_status":"closed","ping_status":"closed","template":"","meta":{"inline_featured_image":false,"_breakdance_hide_in_design_set":false,"_breakdance_tags":"","footnotes":""},"class_list":["post-21893","page","type-page","status-publish","hentry"],"acf":[],"_links":{"self":[{"href":"https:\/\/prahaskolska.200.solutions\/index.php?rest_route=\/wp\/v2\/pages\/21893","targetHints":{"allow":["GET"]}}],"collection":[{"href":"https:\/\/prahaskolska.200.solutions\/index.php?rest_route=\/wp\/v2\/pages"}],"about":[{"href":"https:\/\/prahaskolska.200.solutions\/index.php?rest_route=\/wp\/v2\/types\/page"}],"author":[{"embeddable":true,"href":"https:\/\/prahaskolska.200.solutions\/index.php?rest_route=\/wp\/v2\/users\/1"}],"replies":[{"embeddable":true,"href":"https:\/\/prahaskolska.200.solutions\/index.php?rest_route=%2Fwp%2Fv2%2Fcomments&post=21893"}],"version-history":[{"count":67,"href":"https:\/\/prahaskolska.200.solutions\/index.php?rest_route=\/wp\/v2\/pages\/21893\/revisions"}],"predecessor-version":[{"id":22401,"href":"https:\/\/prahaskolska.200.solutions\/index.php?rest_route=\/wp\/v2\/pages\/21893\/revisions\/22401"}],"wp:attachment":[{"href":"https:\/\/prahaskolska.200.solutions\/index.php?rest_route=%2Fwp%2Fv2%2Fmedia&parent=21893"}],"curies":[{"name":"wp","href":"https:\/\/api.w.org\/{rel}","templated":true}]}}